{"id":324,"date":"2023-06-30T09:44:37","date_gmt":"2023-06-30T09:44:37","guid":{"rendered":"https:\/\/digitaloutofhome.at\/?page_id=324"},"modified":"2026-02-11T10:53:02","modified_gmt":"2026-02-11T10:53:02","slug":"holocircle","status":"publish","type":"page","link":"https:\/\/digitaloutofhome.at\/index.php\/holocircle\/","title":{"rendered":"HOLOCIRCLE"},"content":{"rendered":"\t\t<div data-elementor-type=\"wp-page\" data-elementor-id=\"324\" class=\"elementor elementor-324\">\n\t\t\t\t\t\t<section class=\"elementor-section elementor-top-section elementor-element elementor-element-a2e37af elementor-section-boxed elementor-section-height-default elementor-section-height-default\" data-id=\"a2e37af\" data-element_type=\"section\" data-e-type=\"section\">\n\t\t\t\t\t\t<div class=\"elementor-container elementor-column-gap-default\">\n\t\t\t\t\t<div class=\"elementor-column elementor-col-100 elementor-top-column elementor-element elementor-element-f6c9e01\" data-id=\"f6c9e01\" data-element_type=\"column\" data-e-type=\"column\">\n\t\t\t<div class=\"elementor-widget-wrap elementor-element-populated\">\n\t\t\t\t\t\t<div class=\"elementor-element elementor-element-7224eaa elementor-widget elementor-widget-text-editor\" data-id=\"7224eaa\" data-element_type=\"widget\" data-e-type=\"widget\" data-widget_type=\"text-editor.default\">\n\t\t\t\t<div class=\"elementor-widget-container\">\n\t\t\t\t\t\t\t\t\t<h5 id=\"digitale_Hologramme\" data-mw-section-id=\"1\">digitale Hologramme<\/h5><h3 id=\"Was_ist_ein_HOLOCIRCLE?\" data-mw-section-id=\"2\">Was ist ein HOLOCIRCLE?<\/h3><p id=\"mwBQ\">Der HOLOCIRCLE ist ein innovativer 3D Hologramm Projektor, der Ihnen erlaubt, jedes gew\u00fcnschte Motiv freischwebend in den Raum zu zeigen.<\/p><h3 id=\"Wie_funktioniert_ein_HOLOCIRCLE?\" data-mw-section-id=\"3\">Wie funktioniert ein HOLOCIRCLE?<\/h3><p id=\"mwBw\">Es gibt verschiedene technische L\u00f6sungen in verschiedenen Entwiclungsstufen. Zur Zeit werden Schrittmotoren eingesetzt die mit LED best\u00fcckte Rotoren in einer Geschwindigkeit drehen lassen die das menschliche Auge aufgrund seiner Tr\u00e4gheit nicht mehr erfassen kann. Durch die Steuerung der LED werden Bilder erzeugt, die in der Luft zu schweben scheinen. Werden Videos abgespielt ist die Faszination umso gr\u00f6\u00dfer. An den schwarzen Stellen des gezeigten Inhalt ist nichts zu sehen und der Hintergund erzeugt eine ungeahnte Tiefenwirkung. Die 3D Wirkung und Plastizit\u00e4t wir vor allem durch eine gekonnte 3D Produktion mit Beleuchtung, Bewegung &amp; Spiegelungen (Licht und Schatten) weiter erh\u00f6ht.<\/p><p id=\"mwCA\">Durch die Verwendung modernster Technologien erm\u00f6glicht der HOLOCIRCLE ein immersives und \/ oder interaktives Erlebnis. Viele Betrachter k\u00f6nnen gleichzeitig holografische Inhalte oder Projektionen in Echtzeit als mixed Reality sehen und erleben.<\/p><h3 id=\"Was_ist_eine_HOLOCIRCLE_HoloWALL?\" data-mw-section-id=\"4\">Was ist eine HOLOCIRCLE HoloWALL?<\/h3><p id=\"mwCg\">Die einzelnen HOLOCIRCLE k\u00f6nnen miteinander synchronisiert werden. Das bedeutet der Startzeitpunkt wird von einem Master vorgegeben und es k\u00f6nnen bis zu 52 Einzelger\u00e4te aufeinander abgestimmt werden. Damit geraten gleichzeitige Darstellungen auf mehreren HOLOCIRCLE nicht aus dem Takt. Wenn die Projektionfl\u00e4chen an den R\u00e4ndern \u00fcberlagert werden, sind Darstellungsfl\u00e4chen von bis zu 8 m\u00b2 m\u00f6glich und es wird HOLOCIRCLE HoloWALL genannt. Die Zahl dahinter verr\u00e4t die Anzahl der Einzelger\u00e4te.<\/p><h3 id=\"Was_sind_die_Produkte_von_HOLOCIRCLE?\" data-mw-section-id=\"5\">Was sind die Produkte von HOLOCIRCLE?<\/h3><p id=\"mwDA\">Es gibt eine Vielzahl von holografischen Installationen &amp; L\u00f6sungen, die auf dem HOLOCIRLCE basieren &#8211; zu den einfachsten geh\u00f6rt die effektive Produktpr\u00e4sentation auf Messen, Veranstaltungen oder zB im Schaufenster.<\/p><p id=\"mwDQ\">Die Anwendungsbereiche von HOLOCIRCLE sind vielf\u00e4ltig und reichen von der Werbung, Produktpr\u00e4sentation, Eye Catcher bis hin zu Bildung, Medizin und Unterhaltung. In Unternehmen erm\u00f6glicht der HOLOCIRCLE effektive virtuelle Meetings und Pr\u00e4sentationen, bei denen Teilnehmer das Gef\u00fchl haben, sich im selben Raum zu befinden, unabh\u00e4ngig von ihrem geografischen Standort. Im Bildungsbereich k\u00f6nnen holografische Inhalte eine immersive Lernerfahrung bieten, indem sie komplexe Konzepte und Objekte visualisieren. In der B\u00fchnentechnik erm\u00f6glicht HOLOCIRCLE die Darstellung von Personen \u00fcber gro\u00dfe Entfernung und interaktive Interviews.<\/p><h3 id=\"Was_sind_die_Zukunftsaussichten_f\u00fcr_den_HOLOCIRCLE?\" data-mw-section-id=\"6\">Was sind die Zukunftsaussichten f\u00fcr den HOLOCIRCLE?<\/h3><p id=\"mwDw\">Mit den Weiterentwicklungen und der steigenden Nachfrage nach innovativen Kommunikationsl\u00f6sungen wird HOLOCIRCLE voraussichtlich eine eigene Rolle in der digitalen Transformation von DOOH spielen. Entgegen technischen Hilfsmitteln zu AR (Augmented Reality) bietet der Einsatz des HOLOCIRCLE einer Vielzahl an Betrachtern gleichzeitig die M\u00f6glichkeit AR oder MR (Mixed Reality) zu erleben. Es wird kontinuierlich in Forschung und Entwicklung investiert um neue Funktionen und Anwendungen zu erschlie\u00dfen und die Benutzererfahrung weiter zu verbessern.<\/p><h3 id=\"Wer_steht_hinter_HOLORCIRCLE?\" data-mw-section-id=\"7\">Wer steht hinter HOLORCIRCLE?<\/h3><p id=\"mwEQ\">HOLOCIRLCE ist die eingetragene Markenbezeichnung von dem deutschen Unternehmen Eye-Sytems. Gemeinsam mit xLUM aus \u00d6sterreich sind diese innovativen Unternehmen, die sich mitunter auf die Entwicklung und Bereitstellung von holografischen Projektionen spezialisiert haben, verantwortlich f\u00fcr die Umsetzung und Weiterentwicklung dieser speziellen Mediensysteme.<\/p><p><a href=\"http:\/\/www.eye-systems.de\" target=\"_blank\" rel=\"noopener\">www.eye-systems.de<\/a><br \/><a href=\"http:\/\/www.xLUM.at\" target=\"_blank\" rel=\"noopener\">www.xLUM.at<\/a><\/p><h3 id=\"Was_ist_die_Geschichte_des_HOLOCIRCLE?\" data-mw-section-id=\"8\">Was ist die Geschichte des HOLOCIRCLE?<\/h3><p id=\"mwEw\">Das Unternehmen Eye-Systems hat sich fr\u00fch mit Hologrammen in der Werbung besch\u00e4ftigt. Mit der Vision, die Art und Weise der Au\u00dfenwerbung DOOH (DigitalOutOfHome) zu revolutionieren wurde der HOLOCIRCLE entwickelt. Dar\u00fcber hinaus entstehen immer weitere Projekte die die Art wie Menschen miteinander kommunizieren und Informationen teilen. Seit seiner Gr\u00fcndung hat sich HOLOCIRCLE als Vorreiter in der holografischen Projektion etabliert und entwickelt seine Technologie kontinuierlich weiter.<\/p>\t\t\t\t\t\t\t\t<\/div>\n\t\t\t\t<\/div>\n\t\t\t\t\t<\/div>\n\t\t<\/div>\n\t\t\t\t\t<\/div>\n\t\t<\/section>\n\t\t\t\t<\/div>\n\t\t","protected":false},"excerpt":{"rendered":"<p>digitale Hologramme Was ist ein HOLOCIRCLE? Der HOLOCIRCLE ist ein innovativer 3D Hologramm Projektor, der Ihnen erlaubt, jedes gew\u00fcnschte Motiv freischwebend in den Raum zu zeigen. Wie funktioniert ein HOLOCIRCLE? Es gibt verschiedene technische L\u00f6sungen in verschiedenen Entwiclungsstufen. Zur Zeit werden Schrittmotoren eingesetzt die mit LED best\u00fcckte Rotoren in einer Geschwindigkeit drehen lassen die das&hellip;<\/p>\n","protected":false},"author":1,"featured_media":0,"parent":0,"menu_order":1,"comment_status":"closed","ping_status":"closed","template":"","meta":{"footnotes":""},"class_list":["post-324","page","type-page","status-publish","hentry"],"yoast_head":"<!-- This site is optimized with the Yoast SEO plugin v27.4 - https:\/\/yoast.com\/product\/yoast-seo-wordpress\/ -->\n<title>HOLOCIRCLE - dooh<\/title>\n<meta name=\"robots\" content=\"index, follow, max-snippet:-1, max-image-preview:large, max-video-preview:-1\" \/>\n<link rel=\"canonical\" href=\"https:\/\/digitaloutofhome.at\/index.php\/holocircle\/\" \/>\n<meta property=\"og:locale\" content=\"de_DE\" \/>\n<meta property=\"og:type\" content=\"article\" \/>\n<meta property=\"og:title\" content=\"HOLOCIRCLE - dooh\" \/>\n<meta property=\"og:description\" content=\"digitale Hologramme Was ist ein HOLOCIRCLE? Der HOLOCIRCLE ist ein innovativer 3D Hologramm Projektor, der Ihnen erlaubt, jedes gew\u00fcnschte Motiv freischwebend in den Raum zu zeigen. Wie funktioniert ein HOLOCIRCLE? Es gibt verschiedene technische L\u00f6sungen in verschiedenen Entwiclungsstufen. Zur Zeit werden Schrittmotoren eingesetzt die mit LED best\u00fcckte Rotoren in einer Geschwindigkeit drehen lassen die das&hellip;\" \/>\n<meta property=\"og:url\" content=\"https:\/\/digitaloutofhome.at\/index.php\/holocircle\/\" \/>\n<meta property=\"og:site_name\" content=\"dooh\" \/>\n<meta property=\"article:modified_time\" content=\"2026-02-11T10:53:02+00:00\" \/>\n<meta name=\"twitter:card\" content=\"summary_large_image\" \/>\n<meta name=\"twitter:label1\" content=\"Gesch\u00e4tzte Lesezeit\" \/>\n\t<meta name=\"twitter:data1\" content=\"3\u00a0Minuten\" \/>\n<script type=\"application\/ld+json\" class=\"yoast-schema-graph\">{\"@context\":\"https:\\\/\\\/schema.org\",\"@graph\":[{\"@type\":\"WebPage\",\"@id\":\"https:\\\/\\\/digitaloutofhome.at\\\/index.php\\\/holocircle\\\/\",\"url\":\"https:\\\/\\\/digitaloutofhome.at\\\/index.php\\\/holocircle\\\/\",\"name\":\"HOLOCIRCLE - dooh\",\"isPartOf\":{\"@id\":\"https:\\\/\\\/digitaloutofhome.at\\\/#website\"},\"datePublished\":\"2023-06-30T09:44:37+00:00\",\"dateModified\":\"2026-02-11T10:53:02+00:00\",\"breadcrumb\":{\"@id\":\"https:\\\/\\\/digitaloutofhome.at\\\/index.php\\\/holocircle\\\/#breadcrumb\"},\"inLanguage\":\"de\",\"potentialAction\":[{\"@type\":\"ReadAction\",\"target\":[\"https:\\\/\\\/digitaloutofhome.at\\\/index.php\\\/holocircle\\\/\"]}]},{\"@type\":\"BreadcrumbList\",\"@id\":\"https:\\\/\\\/digitaloutofhome.at\\\/index.php\\\/holocircle\\\/#breadcrumb\",\"itemListElement\":[{\"@type\":\"ListItem\",\"position\":1,\"name\":\"Home\",\"item\":\"https:\\\/\\\/digitaloutofhome.at\\\/\"},{\"@type\":\"ListItem\",\"position\":2,\"name\":\"HOLOCIRCLE\"}]},{\"@type\":\"WebSite\",\"@id\":\"https:\\\/\\\/digitaloutofhome.at\\\/#website\",\"url\":\"https:\\\/\\\/digitaloutofhome.at\\\/\",\"name\":\"dooh\",\"description\":\"Digital Out Of Home\",\"potentialAction\":[{\"@type\":\"SearchAction\",\"target\":{\"@type\":\"EntryPoint\",\"urlTemplate\":\"https:\\\/\\\/digitaloutofhome.at\\\/?s={search_term_string}\"},\"query-input\":{\"@type\":\"PropertyValueSpecification\",\"valueRequired\":true,\"valueName\":\"search_term_string\"}}],\"inLanguage\":\"de\"}]}<\/script>\n<!-- \/ Yoast SEO plugin. -->","yoast_head_json":{"title":"HOLOCIRCLE - dooh","robots":{"index":"index","follow":"follow","max-snippet":"max-snippet:-1","max-image-preview":"max-image-preview:large","max-video-preview":"max-video-preview:-1"},"canonical":"https:\/\/digitaloutofhome.at\/index.php\/holocircle\/","og_locale":"de_DE","og_type":"article","og_title":"HOLOCIRCLE - dooh","og_description":"digitale Hologramme Was ist ein HOLOCIRCLE? Der HOLOCIRCLE ist ein innovativer 3D Hologramm Projektor, der Ihnen erlaubt, jedes gew\u00fcnschte Motiv freischwebend in den Raum zu zeigen. Wie funktioniert ein HOLOCIRCLE? Es gibt verschiedene technische L\u00f6sungen in verschiedenen Entwiclungsstufen. Zur Zeit werden Schrittmotoren eingesetzt die mit LED best\u00fcckte Rotoren in einer Geschwindigkeit drehen lassen die das&hellip;","og_url":"https:\/\/digitaloutofhome.at\/index.php\/holocircle\/","og_site_name":"dooh","article_modified_time":"2026-02-11T10:53:02+00:00","twitter_card":"summary_large_image","twitter_misc":{"Gesch\u00e4tzte Lesezeit":"3\u00a0Minuten"},"schema":{"@context":"https:\/\/schema.org","@graph":[{"@type":"WebPage","@id":"https:\/\/digitaloutofhome.at\/index.php\/holocircle\/","url":"https:\/\/digitaloutofhome.at\/index.php\/holocircle\/","name":"HOLOCIRCLE - dooh","isPartOf":{"@id":"https:\/\/digitaloutofhome.at\/#website"},"datePublished":"2023-06-30T09:44:37+00:00","dateModified":"2026-02-11T10:53:02+00:00","breadcrumb":{"@id":"https:\/\/digitaloutofhome.at\/index.php\/holocircle\/#breadcrumb"},"inLanguage":"de","potentialAction":[{"@type":"ReadAction","target":["https:\/\/digitaloutofhome.at\/index.php\/holocircle\/"]}]},{"@type":"BreadcrumbList","@id":"https:\/\/digitaloutofhome.at\/index.php\/holocircle\/#breadcrumb","itemListElement":[{"@type":"ListItem","position":1,"name":"Home","item":"https:\/\/digitaloutofhome.at\/"},{"@type":"ListItem","position":2,"name":"HOLOCIRCLE"}]},{"@type":"WebSite","@id":"https:\/\/digitaloutofhome.at\/#website","url":"https:\/\/digitaloutofhome.at\/","name":"dooh","description":"Digital Out Of Home","potentialAction":[{"@type":"SearchAction","target":{"@type":"EntryPoint","urlTemplate":"https:\/\/digitaloutofhome.at\/?s={search_term_string}"},"query-input":{"@type":"PropertyValueSpecification","valueRequired":true,"valueName":"search_term_string"}}],"inLanguage":"de"}]}},"_links":{"self":[{"href":"https:\/\/digitaloutofhome.at\/index.php\/wp-json\/wp\/v2\/pages\/324","targetHints":{"allow":["GET"]}}],"collection":[{"href":"https:\/\/digitaloutofhome.at\/index.php\/wp-json\/wp\/v2\/pages"}],"about":[{"href":"https:\/\/digitaloutofhome.at\/index.php\/wp-json\/wp\/v2\/types\/page"}],"author":[{"embeddable":true,"href":"https:\/\/digitaloutofhome.at\/index.php\/wp-json\/wp\/v2\/users\/1"}],"replies":[{"embeddable":true,"href":"https:\/\/digitaloutofhome.at\/index.php\/wp-json\/wp\/v2\/comments?post=324"}],"version-history":[{"count":22,"href":"https:\/\/digitaloutofhome.at\/index.php\/wp-json\/wp\/v2\/pages\/324\/revisions"}],"predecessor-version":[{"id":346,"href":"https:\/\/digitaloutofhome.at\/index.php\/wp-json\/wp\/v2\/pages\/324\/revisions\/346"}],"wp:attachment":[{"href":"https:\/\/digitaloutofhome.at\/index.php\/wp-json\/wp\/v2\/media?parent=324"}],"curies":[{"name":"wp","href":"https:\/\/api.w.org\/{rel}","templated":true}]}}